{"id":1697,"date":"2026-04-22T22:24:15","date_gmt":"2026-04-22T22:24:15","guid":{"rendered":"https:\/\/hechoenhuelva.soporttec.es\/?page_id=1697"},"modified":"2026-04-29T11:53:20","modified_gmt":"2026-04-29T11:53:20","slug":"sitemap","status":"publish","type":"page","link":"https:\/\/hechoenhuelva.com\/en\/sitemap\/","title":{"rendered":"Mapa Web"},"content":{"rendered":"\t\t<div data-elementor-type=\"wp-post\" data-elementor-id=\"1697\" class=\"elementor elementor-1697\">\n\t\t\t\t\t\t<section class=\"elementor-section elementor-top-section elementor-element elementor-element-e6cd928 elementor-section-boxed elementor-section-height-default elementor-section-height-default\" data-id=\"e6cd928\" data-element_type=\"section\" data-e-type=\"section\" data-settings=\"{&quot;jet_parallax_layout_list&quot;:[{&quot;jet_parallax_layout_image&quot;:{&quot;url&quot;:&quot;&quot;,&quot;id&quot;:&quot;&quot;,&quot;size&quot;:&quot;&quot;},&quot;_id&quot;:&quot;7219af7&quot;,&quot;jet_parallax_layout_image_tablet&quot;:{&quot;url&quot;:&quot;&quot;,&quot;id&quot;:&quot;&quot;,&quot;size&quot;:&quot;&quot;},&quot;jet_parallax_layout_image_mobile&quot;:{&quot;url&quot;:&quot;&quot;,&quot;id&quot;:&quot;&quot;,&quot;size&quot;:&quot;&quot;},&quot;jet_parallax_layout_speed&quot;:{&quot;unit&quot;:&quot;%&quot;,&quot;size&quot;:50,&quot;sizes&quot;:[]},&quot;jet_parallax_layout_type&quot;:&quot;scroll&quot;,&quot;jet_parallax_layout_direction&quot;:&quot;1&quot;,&quot;jet_parallax_layout_fx_direction&quot;:null,&quot;jet_parallax_layout_z_index&quot;:&quot;&quot;,&quot;jet_parallax_layout_bg_x&quot;:50,&quot;jet_parallax_layout_bg_x_tablet&quot;:&quot;&quot;,&quot;jet_parallax_layout_bg_x_mobile&quot;:&quot;&quot;,&quot;jet_parallax_layout_bg_y&quot;:50,&quot;jet_parallax_layout_bg_y_tablet&quot;:&quot;&quot;,&quot;jet_parallax_layout_bg_y_mobile&quot;:&quot;&quot;,&quot;jet_parallax_layout_bg_size&quot;:&quot;auto&quot;,&quot;jet_parallax_layout_bg_size_tablet&quot;:&quot;&quot;,&quot;jet_parallax_layout_bg_size_mobile&quot;:&quot;&quot;,&quot;jet_parallax_layout_animation_prop&quot;:&quot;transform&quot;,&quot;jet_parallax_layout_on&quot;:[&quot;desktop&quot;,&quot;tablet&quot;]}]}\">\n\t\t\t\t\t\t<div class=\"elementor-container elementor-column-gap-default\">\n\t\t\t\t\t<div class=\"elementor-column elementor-col-100 elementor-top-column elementor-element elementor-element-2b1f9df\" data-id=\"2b1f9df\" data-element_type=\"column\" data-e-type=\"column\">\n\t\t\t<div class=\"elementor-widget-wrap elementor-element-populated\">\n\t\t\t\t\t\t<div class=\"elementor-element elementor-element-c3ddafd elementor-align-left elementor-widget elementor-widget-raven-heading\" data-id=\"c3ddafd\" data-element_type=\"widget\" data-e-type=\"widget\" data-widget_type=\"raven-heading.default\">\n\t\t\t\t<div class=\"elementor-widget-container\">\n\t\t\t\t\t\t\t<div class=\"raven-widget-wrapper\"><h1 class=\"raven-heading raven-heading-h1\"><span class=\"raven-heading-title \">Mapa Web<\/span><\/h1><\/div>\n\t\t\t\t\t\t<\/div>\n\t\t\t\t<\/div>\n\t\t\t\t<div class=\"elementor-element elementor-element-554ac26 elementor-widget-divider--separator-type-pattern elementor-widget-divider--no-spacing elementor-widget-divider--view-line elementor-widget elementor-widget-divider\" data-id=\"554ac26\" data-element_type=\"widget\" data-e-type=\"widget\" data-widget_type=\"divider.default\">\n\t\t\t\t\t\t\t<div class=\"elementor-divider\" style=\"--divider-pattern-url: url(&quot;data:image\/svg+xml,%3Csvg xmlns=&#039;http:\/\/www.w3.org\/2000\/svg&#039; preserveAspectRatio=&#039;none&#039; overflow=&#039;visible&#039; height=&#039;100%&#039; viewBox=&#039;0 0 24 24&#039; fill=&#039;black&#039; stroke=&#039;none&#039;%3E%3Cpath d=&#039;M24,8v12H0V8H24z M24,4v1H0V4H24z&#039;\/%3E%3C\/svg%3E&quot;);\">\n\t\t\t<span class=\"elementor-divider-separator\">\n\t\t\t\t\t\t<\/span>\n\t\t<\/div>\n\t\t\t\t\t\t<\/div>\n\t\t\t\t<div class=\"elementor-element elementor-element-dab5472 elementor-widget elementor-widget-text-editor\" data-id=\"dab5472\" data-element_type=\"widget\" data-e-type=\"widget\" data-widget_type=\"text-editor.default\">\n\t\t\t\t\t\t\t\t\t<p><a href=\"https:\/\/hechoenhuelva.com\/\">Inicio<\/a><\/p><p><a href=\"https:\/\/hechoenhuelva.com\/tienda\">Tienda<\/a><\/p><ul><li><a href=\"https:\/\/hechoenhuelva.com\/categoria-producto\/jamones-y-paletas\/\">Jamones y Paletas<\/a><\/li><li><a href=\"https:\/\/hechoenhuelva.com\/categoria-producto\/embutidos-ibericos\/\">Embutidos Ib\u00e9ricos<\/a><\/li><li><a href=\"https:\/\/hechoenhuelva.com\/categoria-producto\/productos-artesanos\/\">Productos Artesanos<\/a><\/li><li><a href=\"https:\/\/hechoenhuelva.com\/categoria-producto\/quesos\/\">Quesos<\/a><\/li><\/ul><p><a href=\"https:\/\/hechoenhuelva.com\/sobre-nosotros\">Sobre Nosotros<\/a><\/p><p><a href=\"https:\/\/hechoenhuelva.com\/contacto\">Contacto<\/a><\/p><p><a href=\"https:\/\/hechoenhuelva.com\/carrito\">Carrito<\/a><\/p><p><a href=\"https:\/\/hechoenhuelva.com\/finalizar-compra\">Finalizar Compra<\/a><\/p><p><a href=\"https:\/\/hechoenhuelva.com\/mi-cuenta\">Mi Cuenta<\/a><\/p><p><a href=\"https:\/\/hechoenhuelva.com\/terminos-y-condiciones\">T\u00e9rminos y Condiciones<\/a><\/p><p><a href=\"https:\/\/hechoenhuelva.com\/aviso-legal\">Aviso Legal<\/a><\/p><p><a href=\"https:\/\/hechoenhuelva.com\/politica-de-privacidad\">Pol\u00edtica de Privacidad<\/a><\/p><p><a href=\"https:\/\/hechoenhuelva.com\/politica-de-cookies\">Pol\u00edtica de Cookies<\/a><\/p><p><a href=\"https:\/\/hechoenhuelva.com\/declaracion-accesbilidad\">Accesibilidad<\/a><\/p>\t\t\t\t\t\t\t\t<\/div>\n\t\t\t\t\t<\/div>\n\t\t<\/div>\n\t\t\t\t\t<\/div>\n\t\t<\/section>\n\t\t\t\t<\/div>\n\t\t","protected":false},"excerpt":{"rendered":"<p>Mapa Web Inicio Tienda Jamones y Paletas Embutidos Ib\u00e9ricos Productos Artesanos Quesos Sobre Nosotros Contacto Carrito Finalizar Compra Mi Cuenta T\u00e9rminos y Condiciones Aviso Legal Pol\u00edtica de Privacidad Pol\u00edtica de Cookies Accesibilidad<\/p>","protected":false},"author":1,"featured_media":0,"parent":0,"menu_order":0,"comment_status":"closed","ping_status":"closed","template":"elementor_header_footer","meta":{"_acf_changed":false,"_monsterinsights_skip_tracking":false,"_monsterinsights_sitenote_active":false,"_monsterinsights_sitenote_note":"","_monsterinsights_sitenote_category":0,"footnotes":""},"class_list":["post-1697","page","type-page","status-publish","hentry"],"acf":[],"yoast_head":"<!-- This site is optimized with the Yoast SEO plugin v27.5 - https:\/\/yoast.com\/product\/yoast-seo-wordpress\/ -->\n<title>Mapa Web - Hecho en Huelva<\/title>\n<meta name=\"robots\" content=\"index, follow, max-snippet:-1, max-image-preview:large, max-video-preview:-1\" \/>\n<link rel=\"canonical\" href=\"https:\/\/hechoenhuelva.soporttec.es\/sitemap\/\" \/>\n<meta property=\"og:locale\" content=\"en_US\" \/>\n<meta property=\"og:type\" content=\"article\" \/>\n<meta property=\"og:title\" content=\"Mapa Web - Hecho en Huelva\" \/>\n<meta property=\"og:description\" content=\"Mapa Web Inicio Tienda Jamones y Paletas Embutidos Ib\u00e9ricos Productos Artesanos Quesos Sobre Nosotros Contacto Carrito Finalizar Compra Mi Cuenta T\u00e9rminos y Condiciones Aviso Legal Pol\u00edtica de Privacidad Pol\u00edtica de Cookies Accesibilidad\" \/>\n<meta property=\"og:url\" content=\"https:\/\/hechoenhuelva.soporttec.es\/sitemap\/\" \/>\n<meta property=\"og:site_name\" content=\"Hecho en Huelva\" \/>\n<meta property=\"article:modified_time\" content=\"2026-04-29T11:53:20+00:00\" \/>\n<meta property=\"og:image\" content=\"https:\/\/hechoenhuelva.com\/wp-content\/uploads\/2019\/04\/hecho-en-huelva-logo-horizontal.png\" \/>\n\t<meta property=\"og:image:width\" content=\"1570\" \/>\n\t<meta property=\"og:image:height\" content=\"917\" \/>\n\t<meta property=\"og:image:type\" content=\"image\/png\" \/>\n<meta name=\"twitter:card\" content=\"summary_large_image\" \/>\n<meta name=\"twitter:label1\" content=\"Est. reading time\" \/>\n\t<meta name=\"twitter:data1\" content=\"1 minute\" \/>\n<script type=\"application\/ld+json\" class=\"yoast-schema-graph\">{\"@context\":\"https:\\\/\\\/schema.org\",\"@graph\":[{\"@type\":\"WebPage\",\"@id\":\"https:\\\/\\\/hechoenhuelva.soporttec.es\\\/sitemap\\\/\",\"url\":\"https:\\\/\\\/hechoenhuelva.soporttec.es\\\/sitemap\\\/\",\"name\":\"Mapa Web - Hecho en Huelva\",\"isPartOf\":{\"@id\":\"https:\\\/\\\/hechoenhuelva.com\\\/#website\"},\"datePublished\":\"2026-04-22T22:24:15+00:00\",\"dateModified\":\"2026-04-29T11:53:20+00:00\",\"breadcrumb\":{\"@id\":\"https:\\\/\\\/hechoenhuelva.soporttec.es\\\/sitemap\\\/#breadcrumb\"},\"inLanguage\":\"en-US\",\"potentialAction\":[{\"@type\":\"ReadAction\",\"target\":[\"https:\\\/\\\/hechoenhuelva.soporttec.es\\\/sitemap\\\/\"]}]},{\"@type\":\"BreadcrumbList\",\"@id\":\"https:\\\/\\\/hechoenhuelva.soporttec.es\\\/sitemap\\\/#breadcrumb\",\"itemListElement\":[{\"@type\":\"ListItem\",\"position\":1,\"name\":\"Portada\",\"item\":\"https:\\\/\\\/hechoenhuelva.com\\\/\"},{\"@type\":\"ListItem\",\"position\":2,\"name\":\"Mapa Web\"}]},{\"@type\":\"WebSite\",\"@id\":\"https:\\\/\\\/hechoenhuelva.com\\\/#website\",\"url\":\"https:\\\/\\\/hechoenhuelva.com\\\/\",\"name\":\"Hecho en Huelva\",\"description\":\"Tienda gourmet online de jamones, embutidos ib\u00e9ricos y productos tradicionales de Huelva\",\"publisher\":{\"@id\":\"https:\\\/\\\/hechoenhuelva.com\\\/#organization\"},\"alternateName\":\"Hecho en Huelva\",\"potentialAction\":[{\"@type\":\"SearchAction\",\"target\":{\"@type\":\"EntryPoint\",\"urlTemplate\":\"https:\\\/\\\/hechoenhuelva.com\\\/?s={search_term_string}\"},\"query-input\":{\"@type\":\"PropertyValueSpecification\",\"valueRequired\":true,\"valueName\":\"search_term_string\"}}],\"inLanguage\":\"en-US\"},{\"@type\":\"Organization\",\"@id\":\"https:\\\/\\\/hechoenhuelva.com\\\/#organization\",\"name\":\"Hecho en Huelva\",\"url\":\"https:\\\/\\\/hechoenhuelva.com\\\/\",\"logo\":{\"@type\":\"ImageObject\",\"inLanguage\":\"en-US\",\"@id\":\"https:\\\/\\\/hechoenhuelva.com\\\/#\\\/schema\\\/logo\\\/image\\\/\",\"url\":\"https:\\\/\\\/hechoenhuelva.soporttec.es\\\/wp-content\\\/uploads\\\/2019\\\/04\\\/hecho-en-huelva-logo-horizontal.png\",\"contentUrl\":\"https:\\\/\\\/hechoenhuelva.soporttec.es\\\/wp-content\\\/uploads\\\/2019\\\/04\\\/hecho-en-huelva-logo-horizontal.png\",\"width\":1570,\"height\":917,\"caption\":\"Hecho en Huelva\"},\"image\":{\"@id\":\"https:\\\/\\\/hechoenhuelva.com\\\/#\\\/schema\\\/logo\\\/image\\\/\"}}]}<\/script>\n<!-- \/ Yoast SEO plugin. -->","yoast_head_json":{"title":"Mapa Web - Hecho en Huelva","robots":{"index":"index","follow":"follow","max-snippet":"max-snippet:-1","max-image-preview":"max-image-preview:large","max-video-preview":"max-video-preview:-1"},"canonical":"https:\/\/hechoenhuelva.soporttec.es\/sitemap\/","og_locale":"en_US","og_type":"article","og_title":"Mapa Web - Hecho en Huelva","og_description":"Mapa Web Inicio Tienda Jamones y Paletas Embutidos Ib\u00e9ricos Productos Artesanos Quesos Sobre Nosotros Contacto Carrito Finalizar Compra Mi Cuenta T\u00e9rminos y Condiciones Aviso Legal Pol\u00edtica de Privacidad Pol\u00edtica de Cookies Accesibilidad","og_url":"https:\/\/hechoenhuelva.soporttec.es\/sitemap\/","og_site_name":"Hecho en Huelva","article_modified_time":"2026-04-29T11:53:20+00:00","og_image":[{"width":1570,"height":917,"url":"https:\/\/hechoenhuelva.com\/wp-content\/uploads\/2019\/04\/hecho-en-huelva-logo-horizontal.png","type":"image\/png"}],"twitter_card":"summary_large_image","twitter_misc":{"Est. reading time":"1 minute"},"schema":{"@context":"https:\/\/schema.org","@graph":[{"@type":"WebPage","@id":"https:\/\/hechoenhuelva.soporttec.es\/sitemap\/","url":"https:\/\/hechoenhuelva.soporttec.es\/sitemap\/","name":"Mapa Web - Hecho en Huelva","isPartOf":{"@id":"https:\/\/hechoenhuelva.com\/#website"},"datePublished":"2026-04-22T22:24:15+00:00","dateModified":"2026-04-29T11:53:20+00:00","breadcrumb":{"@id":"https:\/\/hechoenhuelva.soporttec.es\/sitemap\/#breadcrumb"},"inLanguage":"en-US","potentialAction":[{"@type":"ReadAction","target":["https:\/\/hechoenhuelva.soporttec.es\/sitemap\/"]}]},{"@type":"BreadcrumbList","@id":"https:\/\/hechoenhuelva.soporttec.es\/sitemap\/#breadcrumb","itemListElement":[{"@type":"ListItem","position":1,"name":"Portada","item":"https:\/\/hechoenhuelva.com\/"},{"@type":"ListItem","position":2,"name":"Mapa Web"}]},{"@type":"WebSite","@id":"https:\/\/hechoenhuelva.com\/#website","url":"https:\/\/hechoenhuelva.com\/","name":"Hecho en Huelva","description":"Tienda gourmet online de jamones, embutidos ib\u00e9ricos y productos tradicionales de Huelva","publisher":{"@id":"https:\/\/hechoenhuelva.com\/#organization"},"alternateName":"Hecho en Huelva","potentialAction":[{"@type":"SearchAction","target":{"@type":"EntryPoint","urlTemplate":"https:\/\/hechoenhuelva.com\/?s={search_term_string}"},"query-input":{"@type":"PropertyValueSpecification","valueRequired":true,"valueName":"search_term_string"}}],"inLanguage":"en-US"},{"@type":"Organization","@id":"https:\/\/hechoenhuelva.com\/#organization","name":"Hecho en Huelva","url":"https:\/\/hechoenhuelva.com\/","logo":{"@type":"ImageObject","inLanguage":"en-US","@id":"https:\/\/hechoenhuelva.com\/#\/schema\/logo\/image\/","url":"https:\/\/hechoenhuelva.soporttec.es\/wp-content\/uploads\/2019\/04\/hecho-en-huelva-logo-horizontal.png","contentUrl":"https:\/\/hechoenhuelva.soporttec.es\/wp-content\/uploads\/2019\/04\/hecho-en-huelva-logo-horizontal.png","width":1570,"height":917,"caption":"Hecho en Huelva"},"image":{"@id":"https:\/\/hechoenhuelva.com\/#\/schema\/logo\/image\/"}}]}},"_links":{"self":[{"href":"https:\/\/hechoenhuelva.com\/en\/wp-json\/wp\/v2\/pages\/1697","targetHints":{"allow":["GET"]}}],"collection":[{"href":"https:\/\/hechoenhuelva.com\/en\/wp-json\/wp\/v2\/pages"}],"about":[{"href":"https:\/\/hechoenhuelva.com\/en\/wp-json\/wp\/v2\/types\/page"}],"author":[{"embeddable":true,"href":"https:\/\/hechoenhuelva.com\/en\/wp-json\/wp\/v2\/users\/1"}],"replies":[{"embeddable":true,"href":"https:\/\/hechoenhuelva.com\/en\/wp-json\/wp\/v2\/comments?post=1697"}],"version-history":[{"count":22,"href":"https:\/\/hechoenhuelva.com\/en\/wp-json\/wp\/v2\/pages\/1697\/revisions"}],"predecessor-version":[{"id":2125,"href":"https:\/\/hechoenhuelva.com\/en\/wp-json\/wp\/v2\/pages\/1697\/revisions\/2125"}],"wp:attachment":[{"href":"https:\/\/hechoenhuelva.com\/en\/wp-json\/wp\/v2\/media?parent=1697"}],"curies":[{"name":"wp","href":"https:\/\/api.w.org\/{rel}","templated":true}]}}