{"id":1692,"date":"2026-04-22T22:21:45","date_gmt":"2026-04-22T22:21:45","guid":{"rendered":"https:\/\/hechoenhuelva.soporttec.es\/?page_id=1692"},"modified":"2026-04-29T11:50:59","modified_gmt":"2026-04-29T11:50:59","slug":"declaracion-accesibilidad","status":"publish","type":"page","link":"https:\/\/hechoenhuelva.com\/en\/declaracion-accesibilidad\/","title":{"rendered":"Accesibilidad"},"content":{"rendered":"\t\t<div data-elementor-type=\"wp-post\" data-elementor-id=\"1692\" class=\"elementor elementor-1692\">\n\t\t\t\t\t\t<section class=\"elementor-section elementor-top-section elementor-element elementor-element-e6cd928 elementor-section-boxed elementor-section-height-default elementor-section-height-default\" data-id=\"e6cd928\" data-element_type=\"section\" data-e-type=\"section\" data-settings=\"{&quot;jet_parallax_layout_list&quot;:[{&quot;jet_parallax_layout_image&quot;:{&quot;url&quot;:&quot;&quot;,&quot;id&quot;:&quot;&quot;,&quot;size&quot;:&quot;&quot;},&quot;_id&quot;:&quot;7219af7&quot;,&quot;jet_parallax_layout_image_tablet&quot;:{&quot;url&quot;:&quot;&quot;,&quot;id&quot;:&quot;&quot;,&quot;size&quot;:&quot;&quot;},&quot;jet_parallax_layout_image_mobile&quot;:{&quot;url&quot;:&quot;&quot;,&quot;id&quot;:&quot;&quot;,&quot;size&quot;:&quot;&quot;},&quot;jet_parallax_layout_speed&quot;:{&quot;unit&quot;:&quot;%&quot;,&quot;size&quot;:50,&quot;sizes&quot;:[]},&quot;jet_parallax_layout_type&quot;:&quot;scroll&quot;,&quot;jet_parallax_layout_direction&quot;:&quot;1&quot;,&quot;jet_parallax_layout_fx_direction&quot;:null,&quot;jet_parallax_layout_z_index&quot;:&quot;&quot;,&quot;jet_parallax_layout_bg_x&quot;:50,&quot;jet_parallax_layout_bg_x_tablet&quot;:&quot;&quot;,&quot;jet_parallax_layout_bg_x_mobile&quot;:&quot;&quot;,&quot;jet_parallax_layout_bg_y&quot;:50,&quot;jet_parallax_layout_bg_y_tablet&quot;:&quot;&quot;,&quot;jet_parallax_layout_bg_y_mobile&quot;:&quot;&quot;,&quot;jet_parallax_layout_bg_size&quot;:&quot;auto&quot;,&quot;jet_parallax_layout_bg_size_tablet&quot;:&quot;&quot;,&quot;jet_parallax_layout_bg_size_mobile&quot;:&quot;&quot;,&quot;jet_parallax_layout_animation_prop&quot;:&quot;transform&quot;,&quot;jet_parallax_layout_on&quot;:[&quot;desktop&quot;,&quot;tablet&quot;]}]}\">\n\t\t\t\t\t\t<div class=\"elementor-container elementor-column-gap-default\">\n\t\t\t\t\t<div class=\"elementor-column elementor-col-100 elementor-top-column elementor-element elementor-element-2b1f9df\" data-id=\"2b1f9df\" data-element_type=\"column\" data-e-type=\"column\">\n\t\t\t<div class=\"elementor-widget-wrap elementor-element-populated\">\n\t\t\t\t\t\t<div class=\"elementor-element elementor-element-c3ddafd elementor-align-left elementor-widget elementor-widget-raven-heading\" data-id=\"c3ddafd\" data-element_type=\"widget\" data-e-type=\"widget\" data-widget_type=\"raven-heading.default\">\n\t\t\t\t<div class=\"elementor-widget-container\">\n\t\t\t\t\t\t\t<div class=\"raven-widget-wrapper\"><h1 class=\"raven-heading raven-heading-h1\"><span class=\"raven-heading-title \">Pol\u00edtica de Accesibilidad<\/span><\/h1><\/div>\n\t\t\t\t\t\t<\/div>\n\t\t\t\t<\/div>\n\t\t\t\t<div class=\"elementor-element elementor-element-0843d25 elementor-widget-divider--separator-type-pattern elementor-widget-divider--no-spacing elementor-widget-divider--view-line elementor-widget elementor-widget-divider\" data-id=\"0843d25\" data-element_type=\"widget\" data-e-type=\"widget\" data-widget_type=\"divider.default\">\n\t\t\t\t\t\t\t<div class=\"elementor-divider\" style=\"--divider-pattern-url: url(&quot;data:image\/svg+xml,%3Csvg xmlns=&#039;http:\/\/www.w3.org\/2000\/svg&#039; preserveAspectRatio=&#039;none&#039; overflow=&#039;visible&#039; height=&#039;100%&#039; viewBox=&#039;0 0 24 24&#039; fill=&#039;black&#039; stroke=&#039;none&#039;%3E%3Cpath d=&#039;M24,8v12H0V8H24z M24,4v1H0V4H24z&#039;\/%3E%3C\/svg%3E&quot;);\">\n\t\t\t<span class=\"elementor-divider-separator\">\n\t\t\t\t\t\t<\/span>\n\t\t<\/div>\n\t\t\t\t\t\t<\/div>\n\t\t\t\t<div class=\"elementor-element elementor-element-dab5472 elementor-widget elementor-widget-text-editor\" data-id=\"dab5472\" data-element_type=\"widget\" data-e-type=\"widget\" data-widget_type=\"text-editor.default\">\n\t\t\t\t\t\t\t\t\t<p><strong>1. Declaraci\u00f3n de accesibilidad<\/strong><\/p><p>Esta web se ha comprometido a hacer accesible contenido de conformidad con el criterio de accesibilidad del Programa Kit Digital, conforme a los anexos de la norma UNE-EN 301 549:2022.<\/p><p><strong>2. Situaci\u00f3n de cumplimiento<\/strong><\/p><p>La tecnolog\u00eda web en las que se basa la conformidad de la accesibilidad del presente sitio es WordPress<\/p><p>Con motivo de lo anterior, este sitio web es\u00a0<strong>PARCIALMENTE CONFORME<\/strong>, siendo los aspectos de accesibilidad con los que es conforme la presente web los siguientes:<\/p><p><strong>Requisitos gen\u00e9ricos<\/strong><\/p><p><strong>Requisitos Web<\/strong><\/p><p>9.1.1.1 Contenido no textual<br \/>9.1.3.1 Informaci\u00f3n y relaciones<br \/>9.1.3.2 Secuencia significativa<br \/>9.1.3.3 Caracter\u00edsticas sensoriales<br \/>9.1.3.4 Orientaci\u00f3n<br \/>9.1.3.5 Identificaci\u00f3n del prop\u00f3sito de la entrada<br \/>9.1.4.1 Uso del Color<br \/>9.1.4.3 Contraste (m\u00ednimo)<br \/>9.1.4.4 Cambio de tama\u00f1o del texto<br \/>9.1.4.5 Im\u00e1genes de texto<br \/>9.1.4.10 Reajuste del texto<br \/>9.1.4.11 Contraste no textual<br \/>9.1.4.12 Espaciado del texto<br \/>9.1.4.13 Contenido se\u00f1alado con el puntero o que tiene el foco<br \/>9.2.1.1 Teclado<br \/>9.2.1.2 Sin trampas para el foco del teclado<br \/>9.2.2.1 Tiempo ajustable<br \/>9.2.2.2 Poner en pausa, detener, ocultar<br \/>9.2.3.1 Umbral de tres destellos o menos<br \/>9.2.4.1 Evitar bloques<br \/>9.2.4.2 Titulado de p\u00e1ginas<br \/>9.2.4.3 Orden del foco<br \/>9.2.4.4 Prop\u00f3sito de los enlaces (en contexto)<br \/>9.2.4.5 M\u00faltiples v\u00edas<br \/>9.2.4.6 Encabezados y etiquetas<br \/>9.2.4.7 Foco visible<br \/>9.2.5.1 Gestos con el puntero<br \/>9.2.5.2 Cancelaci\u00f3n del puntero<br \/>9.2.5.3 Inclusi\u00f3n de la etiqueta en el nombre<br \/>9.3.1.1 Idioma de la p\u00e1gina<br \/>9.3.1.2 idioma de las partes<br \/>9.3.2.1 Al recibir el foco<br \/>9.3.2.2 Al recibir entradas<br \/>9.3.2.3 Navegaci\u00f3n coherente<br \/>9.3.2.4 Identificaci\u00f3n coherente<br \/>9.3.3.1 Identificaci\u00f3n de errores<br \/>9.3.3.2 Etiquetas o instrucciones<br \/>9.3.3.3 Sugerencias ante errores<br \/>9.3.3.4 Prevenci\u00f3n de errores (legales, financieros, de datos)<br \/>9.4.1.1 Procesamiento<br \/>9.4.1.3 Mensajes de estado<br \/>9.6 Requisitos de conformidad de las Pautas WCAG<\/p><p><strong>Requisitos Software<\/strong><\/p><p>11.7 Preferencias de usuario<br \/>11.8.1 Tecnolog\u00eda de gesti\u00f3n de contenidos<br \/>11.8.2 Creaci\u00f3n de contenidos accesible<br \/>11.8.3 Preservaci\u00f3n de la informaci\u00f3n de accesibilidad durante las transformaciones<br \/>11.8.5 Plantillas<\/p><p><strong>Requisitos documentaci\u00f3n y servicios de apoyo<\/strong><\/p><p>12.1.1 Caracter\u00edsticas de accesibilidad y compatibilidad<br \/>12.2.2 Informaci\u00f3n sobre las caracter\u00edsticas de accesibilidad y compatibilidad<br \/>12.2.3 Comunicaci\u00f3n efectiva<br \/>12.2.4 Documentaci\u00f3n accesible<\/p><p><strong>3. Observaciones y datos de contacto<\/strong><\/p><p>Si encuentra barreras de acceso o problemas con alguna p\u00e1gina o funci\u00f3n de este sitio web que pueda suponer un obst\u00e1culo para los visitantes que quieran acceder a \u00e9l, puede ponerse en contacto en cualquier momento en la direcci\u00f3n de correo electr\u00f3nico del\u00a0<strong>Aviso Legal<\/strong>.<\/p>\t\t\t\t\t\t\t\t<\/div>\n\t\t\t\t\t<\/div>\n\t\t<\/div>\n\t\t\t\t\t<\/div>\n\t\t<\/section>\n\t\t\t\t<\/div>\n\t\t","protected":false},"excerpt":{"rendered":"<p>Pol\u00edtica de Accesibilidad 1. Declaraci\u00f3n de accesibilidad Esta web se ha comprometido a hacer accesible contenido de conformidad con el criterio de accesibilidad del Programa Kit Digital, conforme a los anexos de la norma UNE-EN 301 549:2022. 2. Situaci\u00f3n de cumplimiento La tecnolog\u00eda web en las que se basa la conformidad de la accesibilidad del [&hellip;]<\/p>\n","protected":false},"author":1,"featured_media":0,"parent":0,"menu_order":0,"comment_status":"closed","ping_status":"closed","template":"elementor_header_footer","meta":{"_acf_changed":false,"_monsterinsights_skip_tracking":false,"_monsterinsights_sitenote_active":false,"_monsterinsights_sitenote_note":"","_monsterinsights_sitenote_category":0,"footnotes":""},"class_list":["post-1692","page","type-page","status-publish","hentry"],"acf":[],"yoast_head":"<!-- This site is optimized with the Yoast SEO plugin v27.5 - https:\/\/yoast.com\/product\/yoast-seo-wordpress\/ -->\n<title>Accesibilidad - Hecho en Huelva<\/title>\n<meta name=\"robots\" content=\"index, follow, max-snippet:-1, max-image-preview:large, max-video-preview:-1\" \/>\n<link rel=\"canonical\" href=\"https:\/\/hechoenhuelva.soporttec.es\/declaracion-accesibilidad\/\" \/>\n<meta property=\"og:locale\" content=\"en_US\" \/>\n<meta property=\"og:type\" content=\"article\" \/>\n<meta property=\"og:title\" content=\"Accesibilidad - Hecho en Huelva\" \/>\n<meta property=\"og:description\" content=\"Pol\u00edtica de Accesibilidad 1. Declaraci\u00f3n de accesibilidad Esta web se ha comprometido a hacer accesible contenido de conformidad con el criterio de accesibilidad del Programa Kit Digital, conforme a los anexos de la norma UNE-EN 301 549:2022. 2. Situaci\u00f3n de cumplimiento La tecnolog\u00eda web en las que se basa la conformidad de la accesibilidad del [&hellip;]\" \/>\n<meta property=\"og:url\" content=\"https:\/\/hechoenhuelva.soporttec.es\/declaracion-accesibilidad\/\" \/>\n<meta property=\"og:site_name\" content=\"Hecho en Huelva\" \/>\n<meta property=\"article:modified_time\" content=\"2026-04-29T11:50:59+00:00\" \/>\n<meta property=\"og:image\" content=\"https:\/\/hechoenhuelva.com\/wp-content\/uploads\/2019\/04\/hecho-en-huelva-logo-horizontal.png\" \/>\n\t<meta property=\"og:image:width\" content=\"1570\" \/>\n\t<meta property=\"og:image:height\" content=\"917\" \/>\n\t<meta property=\"og:image:type\" content=\"image\/png\" \/>\n<meta name=\"twitter:card\" content=\"summary_large_image\" \/>\n<meta name=\"twitter:label1\" content=\"Est. reading time\" \/>\n\t<meta name=\"twitter:data1\" content=\"2 minutes\" \/>\n<script type=\"application\/ld+json\" class=\"yoast-schema-graph\">{\"@context\":\"https:\\\/\\\/schema.org\",\"@graph\":[{\"@type\":\"WebPage\",\"@id\":\"https:\\\/\\\/hechoenhuelva.soporttec.es\\\/declaracion-accesibilidad\\\/\",\"url\":\"https:\\\/\\\/hechoenhuelva.soporttec.es\\\/declaracion-accesibilidad\\\/\",\"name\":\"Accesibilidad - Hecho en Huelva\",\"isPartOf\":{\"@id\":\"https:\\\/\\\/hechoenhuelva.com\\\/#website\"},\"datePublished\":\"2026-04-22T22:21:45+00:00\",\"dateModified\":\"2026-04-29T11:50:59+00:00\",\"breadcrumb\":{\"@id\":\"https:\\\/\\\/hechoenhuelva.soporttec.es\\\/declaracion-accesibilidad\\\/#breadcrumb\"},\"inLanguage\":\"en-US\",\"potentialAction\":[{\"@type\":\"ReadAction\",\"target\":[\"https:\\\/\\\/hechoenhuelva.soporttec.es\\\/declaracion-accesibilidad\\\/\"]}]},{\"@type\":\"BreadcrumbList\",\"@id\":\"https:\\\/\\\/hechoenhuelva.soporttec.es\\\/declaracion-accesibilidad\\\/#breadcrumb\",\"itemListElement\":[{\"@type\":\"ListItem\",\"position\":1,\"name\":\"Portada\",\"item\":\"https:\\\/\\\/hechoenhuelva.com\\\/\"},{\"@type\":\"ListItem\",\"position\":2,\"name\":\"Accesibilidad\"}]},{\"@type\":\"WebSite\",\"@id\":\"https:\\\/\\\/hechoenhuelva.com\\\/#website\",\"url\":\"https:\\\/\\\/hechoenhuelva.com\\\/\",\"name\":\"Hecho en Huelva\",\"description\":\"Tienda gourmet online de jamones, embutidos ib\u00e9ricos y productos tradicionales de Huelva\",\"publisher\":{\"@id\":\"https:\\\/\\\/hechoenhuelva.com\\\/#organization\"},\"alternateName\":\"Hecho en Huelva\",\"potentialAction\":[{\"@type\":\"SearchAction\",\"target\":{\"@type\":\"EntryPoint\",\"urlTemplate\":\"https:\\\/\\\/hechoenhuelva.com\\\/?s={search_term_string}\"},\"query-input\":{\"@type\":\"PropertyValueSpecification\",\"valueRequired\":true,\"valueName\":\"search_term_string\"}}],\"inLanguage\":\"en-US\"},{\"@type\":\"Organization\",\"@id\":\"https:\\\/\\\/hechoenhuelva.com\\\/#organization\",\"name\":\"Hecho en Huelva\",\"url\":\"https:\\\/\\\/hechoenhuelva.com\\\/\",\"logo\":{\"@type\":\"ImageObject\",\"inLanguage\":\"en-US\",\"@id\":\"https:\\\/\\\/hechoenhuelva.com\\\/#\\\/schema\\\/logo\\\/image\\\/\",\"url\":\"https:\\\/\\\/hechoenhuelva.soporttec.es\\\/wp-content\\\/uploads\\\/2019\\\/04\\\/hecho-en-huelva-logo-horizontal.png\",\"contentUrl\":\"https:\\\/\\\/hechoenhuelva.soporttec.es\\\/wp-content\\\/uploads\\\/2019\\\/04\\\/hecho-en-huelva-logo-horizontal.png\",\"width\":1570,\"height\":917,\"caption\":\"Hecho en Huelva\"},\"image\":{\"@id\":\"https:\\\/\\\/hechoenhuelva.com\\\/#\\\/schema\\\/logo\\\/image\\\/\"}}]}<\/script>\n<!-- \/ Yoast SEO plugin. -->","yoast_head_json":{"title":"Accesibilidad - Hecho en Huelva","robots":{"index":"index","follow":"follow","max-snippet":"max-snippet:-1","max-image-preview":"max-image-preview:large","max-video-preview":"max-video-preview:-1"},"canonical":"https:\/\/hechoenhuelva.soporttec.es\/declaracion-accesibilidad\/","og_locale":"en_US","og_type":"article","og_title":"Accesibilidad - Hecho en Huelva","og_description":"Pol\u00edtica de Accesibilidad 1. Declaraci\u00f3n de accesibilidad Esta web se ha comprometido a hacer accesible contenido de conformidad con el criterio de accesibilidad del Programa Kit Digital, conforme a los anexos de la norma UNE-EN 301 549:2022. 2. Situaci\u00f3n de cumplimiento La tecnolog\u00eda web en las que se basa la conformidad de la accesibilidad del [&hellip;]","og_url":"https:\/\/hechoenhuelva.soporttec.es\/declaracion-accesibilidad\/","og_site_name":"Hecho en Huelva","article_modified_time":"2026-04-29T11:50:59+00:00","og_image":[{"width":1570,"height":917,"url":"https:\/\/hechoenhuelva.com\/wp-content\/uploads\/2019\/04\/hecho-en-huelva-logo-horizontal.png","type":"image\/png"}],"twitter_card":"summary_large_image","twitter_misc":{"Est. reading time":"2 minutes"},"schema":{"@context":"https:\/\/schema.org","@graph":[{"@type":"WebPage","@id":"https:\/\/hechoenhuelva.soporttec.es\/declaracion-accesibilidad\/","url":"https:\/\/hechoenhuelva.soporttec.es\/declaracion-accesibilidad\/","name":"Accesibilidad - Hecho en Huelva","isPartOf":{"@id":"https:\/\/hechoenhuelva.com\/#website"},"datePublished":"2026-04-22T22:21:45+00:00","dateModified":"2026-04-29T11:50:59+00:00","breadcrumb":{"@id":"https:\/\/hechoenhuelva.soporttec.es\/declaracion-accesibilidad\/#breadcrumb"},"inLanguage":"en-US","potentialAction":[{"@type":"ReadAction","target":["https:\/\/hechoenhuelva.soporttec.es\/declaracion-accesibilidad\/"]}]},{"@type":"BreadcrumbList","@id":"https:\/\/hechoenhuelva.soporttec.es\/declaracion-accesibilidad\/#breadcrumb","itemListElement":[{"@type":"ListItem","position":1,"name":"Portada","item":"https:\/\/hechoenhuelva.com\/"},{"@type":"ListItem","position":2,"name":"Accesibilidad"}]},{"@type":"WebSite","@id":"https:\/\/hechoenhuelva.com\/#website","url":"https:\/\/hechoenhuelva.com\/","name":"Hecho en Huelva","description":"Tienda gourmet online de jamones, embutidos ib\u00e9ricos y productos tradicionales de Huelva","publisher":{"@id":"https:\/\/hechoenhuelva.com\/#organization"},"alternateName":"Hecho en Huelva","potentialAction":[{"@type":"SearchAction","target":{"@type":"EntryPoint","urlTemplate":"https:\/\/hechoenhuelva.com\/?s={search_term_string}"},"query-input":{"@type":"PropertyValueSpecification","valueRequired":true,"valueName":"search_term_string"}}],"inLanguage":"en-US"},{"@type":"Organization","@id":"https:\/\/hechoenhuelva.com\/#organization","name":"Hecho en Huelva","url":"https:\/\/hechoenhuelva.com\/","logo":{"@type":"ImageObject","inLanguage":"en-US","@id":"https:\/\/hechoenhuelva.com\/#\/schema\/logo\/image\/","url":"https:\/\/hechoenhuelva.soporttec.es\/wp-content\/uploads\/2019\/04\/hecho-en-huelva-logo-horizontal.png","contentUrl":"https:\/\/hechoenhuelva.soporttec.es\/wp-content\/uploads\/2019\/04\/hecho-en-huelva-logo-horizontal.png","width":1570,"height":917,"caption":"Hecho en Huelva"},"image":{"@id":"https:\/\/hechoenhuelva.com\/#\/schema\/logo\/image\/"}}]}},"_links":{"self":[{"href":"https:\/\/hechoenhuelva.com\/en\/wp-json\/wp\/v2\/pages\/1692","targetHints":{"allow":["GET"]}}],"collection":[{"href":"https:\/\/hechoenhuelva.com\/en\/wp-json\/wp\/v2\/pages"}],"about":[{"href":"https:\/\/hechoenhuelva.com\/en\/wp-json\/wp\/v2\/types\/page"}],"author":[{"embeddable":true,"href":"https:\/\/hechoenhuelva.com\/en\/wp-json\/wp\/v2\/users\/1"}],"replies":[{"embeddable":true,"href":"https:\/\/hechoenhuelva.com\/en\/wp-json\/wp\/v2\/comments?post=1692"}],"version-history":[{"count":7,"href":"https:\/\/hechoenhuelva.com\/en\/wp-json\/wp\/v2\/pages\/1692\/revisions"}],"predecessor-version":[{"id":1756,"href":"https:\/\/hechoenhuelva.com\/en\/wp-json\/wp\/v2\/pages\/1692\/revisions\/1756"}],"wp:attachment":[{"href":"https:\/\/hechoenhuelva.com\/en\/wp-json\/wp\/v2\/media?parent=1692"}],"curies":[{"name":"wp","href":"https:\/\/api.w.org\/{rel}","templated":true}]}}