{"id":1676,"date":"2026-04-22T22:14:50","date_gmt":"2026-04-22T22:14:50","guid":{"rendered":"https:\/\/hechoenhuelva.soporttec.es\/?page_id=1676"},"modified":"2026-04-29T11:54:22","modified_gmt":"2026-04-29T11:54:22","slug":"politica-de-privacidad","status":"publish","type":"page","link":"https:\/\/hechoenhuelva.com\/en\/politica-de-privacidad\/","title":{"rendered":"Pol\u00edtica de Privacidad"},"content":{"rendered":"\t\t<div data-elementor-type=\"wp-post\" data-elementor-id=\"1676\" class=\"elementor elementor-1676\">\n\t\t\t\t\t\t<section class=\"elementor-section elementor-top-section elementor-element elementor-element-e6cd928 elementor-section-boxed elementor-section-height-default elementor-section-height-default\" data-id=\"e6cd928\" data-element_type=\"section\" data-e-type=\"section\" data-settings=\"{&quot;jet_parallax_layout_list&quot;:[{&quot;jet_parallax_layout_image&quot;:{&quot;url&quot;:&quot;&quot;,&quot;id&quot;:&quot;&quot;,&quot;size&quot;:&quot;&quot;},&quot;_id&quot;:&quot;7219af7&quot;,&quot;jet_parallax_layout_image_tablet&quot;:{&quot;url&quot;:&quot;&quot;,&quot;id&quot;:&quot;&quot;,&quot;size&quot;:&quot;&quot;},&quot;jet_parallax_layout_image_mobile&quot;:{&quot;url&quot;:&quot;&quot;,&quot;id&quot;:&quot;&quot;,&quot;size&quot;:&quot;&quot;},&quot;jet_parallax_layout_speed&quot;:{&quot;unit&quot;:&quot;%&quot;,&quot;size&quot;:50,&quot;sizes&quot;:[]},&quot;jet_parallax_layout_type&quot;:&quot;scroll&quot;,&quot;jet_parallax_layout_direction&quot;:&quot;1&quot;,&quot;jet_parallax_layout_fx_direction&quot;:null,&quot;jet_parallax_layout_z_index&quot;:&quot;&quot;,&quot;jet_parallax_layout_bg_x&quot;:50,&quot;jet_parallax_layout_bg_x_tablet&quot;:&quot;&quot;,&quot;jet_parallax_layout_bg_x_mobile&quot;:&quot;&quot;,&quot;jet_parallax_layout_bg_y&quot;:50,&quot;jet_parallax_layout_bg_y_tablet&quot;:&quot;&quot;,&quot;jet_parallax_layout_bg_y_mobile&quot;:&quot;&quot;,&quot;jet_parallax_layout_bg_size&quot;:&quot;auto&quot;,&quot;jet_parallax_layout_bg_size_tablet&quot;:&quot;&quot;,&quot;jet_parallax_layout_bg_size_mobile&quot;:&quot;&quot;,&quot;jet_parallax_layout_animation_prop&quot;:&quot;transform&quot;,&quot;jet_parallax_layout_on&quot;:[&quot;desktop&quot;,&quot;tablet&quot;]}]}\">\n\t\t\t\t\t\t<div class=\"elementor-container elementor-column-gap-default\">\n\t\t\t\t\t<div class=\"elementor-column elementor-col-100 elementor-top-column elementor-element elementor-element-2b1f9df\" data-id=\"2b1f9df\" data-element_type=\"column\" data-e-type=\"column\">\n\t\t\t<div class=\"elementor-widget-wrap elementor-element-populated\">\n\t\t\t\t\t\t<div class=\"elementor-element elementor-element-c3ddafd elementor-align-left elementor-widget elementor-widget-raven-heading\" data-id=\"c3ddafd\" data-element_type=\"widget\" data-e-type=\"widget\" data-widget_type=\"raven-heading.default\">\n\t\t\t\t<div class=\"elementor-widget-container\">\n\t\t\t\t\t\t\t<div class=\"raven-widget-wrapper\"><h1 class=\"raven-heading raven-heading-h1\"><span class=\"raven-heading-title \">Pol\u00edtica de Privacidad<\/span><\/h1><\/div>\n\t\t\t\t\t\t<\/div>\n\t\t\t\t<\/div>\n\t\t\t\t<div class=\"elementor-element elementor-element-6f884f9 elementor-widget-divider--separator-type-pattern elementor-widget-divider--no-spacing elementor-widget-divider--view-line elementor-widget elementor-widget-divider\" data-id=\"6f884f9\" data-element_type=\"widget\" data-e-type=\"widget\" data-widget_type=\"divider.default\">\n\t\t\t\t\t\t\t<div class=\"elementor-divider\" style=\"--divider-pattern-url: url(&quot;data:image\/svg+xml,%3Csvg xmlns=&#039;http:\/\/www.w3.org\/2000\/svg&#039; preserveAspectRatio=&#039;none&#039; overflow=&#039;visible&#039; height=&#039;100%&#039; viewBox=&#039;0 0 24 24&#039; fill=&#039;black&#039; stroke=&#039;none&#039;%3E%3Cpath d=&#039;M24,8v12H0V8H24z M24,4v1H0V4H24z&#039;\/%3E%3C\/svg%3E&quot;);\">\n\t\t\t<span class=\"elementor-divider-separator\">\n\t\t\t\t\t\t<\/span>\n\t\t<\/div>\n\t\t\t\t\t\t<\/div>\n\t\t\t\t<div class=\"elementor-element elementor-element-dab5472 elementor-widget elementor-widget-text-editor\" data-id=\"dab5472\" data-element_type=\"widget\" data-e-type=\"widget\" data-widget_type=\"text-editor.default\">\n\t\t\t\t\t\t\t\t\t<p>A LONCHEADOS G\u00d3MEZ &amp; MAC\u00cdAS, S.L.U. le preocupa su privacidad. Por ello, hemos tomado medidas t\u00e9cnicas y organizativas adecuadas para evitar la alteraci\u00f3n, p\u00e9rdida, tratamiento o acceso no autorizado a los datos personales que Vd. nos ha facilitado.<\/p><p>En cumplimiento del deber de transparencia e informaci\u00f3n recogido en la normativa en materia de protecci\u00f3n de datos de car\u00e1cter personal, le informamos de aspectos relevantes sobre los tratamientos de datos que hacemos con los datos de car\u00e1cter personal que Vd. nos facilite a trav\u00e9s de nuestra p\u00e1gina web, o bien, a trav\u00e9s de los distintos canales de recogida de informaci\u00f3n de nuestra empresa:<\/p><ul><li><strong>\u00bfQui\u00e9n es el responsable del tratamiento de sus datos?<\/strong>:<ul><li><strong>Identidad<\/strong>: LONCHEADOS G\u00d3MEZ &amp; MAC\u00cdAS, S.L.U.<\/li><li><strong>CIF<\/strong>: B-72765415<\/li><li><strong>Postal<\/strong>: Pol\u00edgono Industrial El Pont\u00f3n, C\/ Arreiros, N\u00ba17, 21230, Cortegana (Huelva)<\/li><li><strong>Tel\u00e9fono<\/strong>: 601 60 43 36<\/li><li><strong>Email<\/strong>: <a href=\"mailto:info@hechoenhuelva.com\" target=\"_blank\" rel=\"noopener noreferrer\" aria-haspopup=\"menu\">info@hechoenhuelva.com<\/a><\/li><\/ul><\/li><\/ul><ul><li><strong>\u00bfPara qu\u00e9 usamos sus datos?<\/strong>:<ul><li>En caso de que Vd. haya utilizado el formulario de contacto de nuestra p\u00e1gina web, utilizaremos su informaci\u00f3n con el objetivo de tramitar encargos, solicitudes de informaci\u00f3n o cualquier tipo de petici\u00f3n que sea realizada por el usuario a trav\u00e9s de la p\u00e1gina web.<\/li><li>En caso de Vd. sea usuario de nuestros servicios, usaremos sus datos para gestionar los diferentes servicios prestados por nuestra empresa, incluida la gesti\u00f3n administrativa y facturaci\u00f3n.<\/li><\/ul><\/li><li><strong>\u00bfDurante cu\u00e1nto tiempo conservamos sus datos?<\/strong>:<ul><li>Los datos se conservar\u00e1n durante no m\u00e1s tiempo del necesario para mantener el fin del tratamiento y cuando ya no sea necesario para tal fin, se suprimir\u00e1n con medidas de seguridad adecuadas para garantizar la seudonimizaci\u00f3n de los datos o la destrucci\u00f3n total de los mismos.<\/li><\/ul><\/li><\/ul><ul><li><strong>\u00bfEn qu\u00e9 basamos la legitimidad para tratar sus datos?<\/strong>:<ul><li>Para tramitar encargos, solicitudes de informaci\u00f3n o cualquier tipo de petici\u00f3n que sea realizada por el usuario a trav\u00e9s de la p\u00e1gina web, basamos la legitimidad del tratamiento de sus datos en el consentimiento que Vd. nos presta a trav\u00e9s del formulario habilitado a tal efecto.<\/li><li>Para gestionar los servicios prestados por nuestra empresa, basamos la legitimidad del tratamiento de sus datos en el inter\u00e9s leg\u00edtimo de nuestra empresa fundada en la relaci\u00f3n comercial que nos une.<\/li><\/ul><\/li><\/ul><ul><li><strong>\u00bfQui\u00e9n podr\u00e1 acceder a sus datos?<\/strong>:<ul><li>La informaci\u00f3n facilitada y\/o el resultado de su tratamiento tiene como destinatarios<ul><li>Los profesionales de LONCHEADOS G\u00d3MEZ &amp; MAC\u00cdAS, S.L.U. encargados de llevar a cabo las funciones para las cuales fueron recabados los datos.<\/li><li>Para tramitar encargos, solicitudes de informaci\u00f3n a trav\u00e9s de la p\u00e1gina web, salvo obligaci\u00f3n legal, sus datos no ser\u00e1n comunicados a terceros.<\/li><li>Para tramitar curriculums entregados a trav\u00e9s de la p\u00e1gina web, salvo obligaci\u00f3n legal, sus datos no ser\u00e1n comunicados a terceros.<\/li><li>Para gestionar los servicios prestados por nuestra empresa, sus datos podr\u00edan ser cedidos a entidades directamente relacionadas con LONCHEADOS G\u00d3MEZ &amp; MAC\u00cdAS, S.L.U. tales como asesores en materia fiscal o contable.<\/li><li>En caso de realizar transferencias internacionales de datos, \u00e9stas se efectuar\u00e1n \u00fanicamente hacia pa\u00edses que cuenten con una decisi\u00f3n de adecuaci\u00f3n de la comisi\u00f3n europea o mediante la adopci\u00f3n de las garant\u00edas adecuadas en el reglamento (UE) 2016\/679.<\/li><\/ul><\/li><\/ul><\/li><\/ul><ul><li><strong>\u00bfQu\u00e9 derechos tiene respecto a sus datos?<\/strong>:<ul><li>Le informamos que, de acuerdo con la normativa en materia de protecci\u00f3n de datos, puede Vd. solicitar ante LONCHEADOS G\u00d3MEZ &amp; MAC\u00cdAS, S.L.U. sus derechos respecto de sus datos personales de:<ul><li>Acceso.<\/li><li>Rectificaci\u00f3n o supresi\u00f3n.<\/li><li>Limitaci\u00f3n de su tratamiento.<\/li><li>Oposici\u00f3n.<\/li><li>Portabilidad.<\/li><li>Retirar el consentimiento prestado para el tratamiento de sus datos.<\/li><\/ul><\/li><li>Para ejercer los derechos mencionados, puede dirigir una solicitud por escrito a la direcci\u00f3n postal o electr\u00f3nica indicadas anteriormente.<\/li><\/ul><\/li><\/ul><p>Asimismo, si considera que sus datos han sido tratados de forma inadecuada, podr\u00e1 dirigirse a la Autoridad de Control competente para presentar la reclamaci\u00f3n que considere oportuna: Agencia Espa\u00f1ola de Protecci\u00f3n de Datos (C\/ Jorge Juan, 6. 28001 \u2013 Madrid <a href=\"http:\/\/www.agpd.es\">www.agpd.es<\/a>).<\/p>\t\t\t\t\t\t\t\t<\/div>\n\t\t\t\t\t<\/div>\n\t\t<\/div>\n\t\t\t\t\t<\/div>\n\t\t<\/section>\n\t\t\t\t<\/div>\n\t\t","protected":false},"excerpt":{"rendered":"<p>Pol\u00edtica de Privacidad A LONCHEADOS G\u00d3MEZ &amp; MAC\u00cdAS, S.L.U. le preocupa su privacidad. Por ello, hemos tomado medidas t\u00e9cnicas y organizativas adecuadas para evitar la alteraci\u00f3n, p\u00e9rdida, tratamiento o acceso no autorizado a los datos personales que Vd. nos ha facilitado. En cumplimiento del deber de transparencia e informaci\u00f3n recogido en la normativa en materia [&hellip;]<\/p>\n","protected":false},"author":1,"featured_media":0,"parent":0,"menu_order":0,"comment_status":"closed","ping_status":"closed","template":"elementor_header_footer","meta":{"_acf_changed":false,"_monsterinsights_skip_tracking":false,"_monsterinsights_sitenote_active":false,"_monsterinsights_sitenote_note":"","_monsterinsights_sitenote_category":0,"footnotes":""},"class_list":["post-1676","page","type-page","status-publish","hentry"],"acf":[],"yoast_head":"<!-- This site is optimized with the Yoast SEO plugin v27.5 - https:\/\/yoast.com\/product\/yoast-seo-wordpress\/ -->\n<title>Pol\u00edtica de Privacidad - Hecho en Huelva<\/title>\n<meta name=\"robots\" content=\"index, follow, max-snippet:-1, max-image-preview:large, max-video-preview:-1\" \/>\n<link rel=\"canonical\" href=\"https:\/\/hechoenhuelva.soporttec.es\/politica-de-privacidad\/\" \/>\n<meta property=\"og:locale\" content=\"en_US\" \/>\n<meta property=\"og:type\" content=\"article\" \/>\n<meta property=\"og:title\" content=\"Pol\u00edtica de Privacidad - Hecho en Huelva\" \/>\n<meta property=\"og:description\" content=\"Pol\u00edtica de Privacidad A LONCHEADOS G\u00d3MEZ &amp; MAC\u00cdAS, S.L.U. le preocupa su privacidad. Por ello, hemos tomado medidas t\u00e9cnicas y organizativas adecuadas para evitar la alteraci\u00f3n, p\u00e9rdida, tratamiento o acceso no autorizado a los datos personales que Vd. nos ha facilitado. En cumplimiento del deber de transparencia e informaci\u00f3n recogido en la normativa en materia [&hellip;]\" \/>\n<meta property=\"og:url\" content=\"https:\/\/hechoenhuelva.soporttec.es\/politica-de-privacidad\/\" \/>\n<meta property=\"og:site_name\" content=\"Hecho en Huelva\" \/>\n<meta property=\"article:modified_time\" content=\"2026-04-29T11:54:22+00:00\" \/>\n<meta property=\"og:image\" content=\"https:\/\/hechoenhuelva.com\/wp-content\/uploads\/2019\/04\/hecho-en-huelva-logo-horizontal.png\" \/>\n\t<meta property=\"og:image:width\" content=\"1570\" \/>\n\t<meta property=\"og:image:height\" content=\"917\" \/>\n\t<meta property=\"og:image:type\" content=\"image\/png\" \/>\n<meta name=\"twitter:card\" content=\"summary_large_image\" \/>\n<meta name=\"twitter:label1\" content=\"Est. reading time\" \/>\n\t<meta name=\"twitter:data1\" content=\"3 minutes\" \/>\n<script type=\"application\/ld+json\" class=\"yoast-schema-graph\">{\"@context\":\"https:\\\/\\\/schema.org\",\"@graph\":[{\"@type\":\"WebPage\",\"@id\":\"https:\\\/\\\/hechoenhuelva.soporttec.es\\\/politica-de-privacidad\\\/\",\"url\":\"https:\\\/\\\/hechoenhuelva.soporttec.es\\\/politica-de-privacidad\\\/\",\"name\":\"Pol\u00edtica de Privacidad - Hecho en Huelva\",\"isPartOf\":{\"@id\":\"https:\\\/\\\/hechoenhuelva.com\\\/#website\"},\"datePublished\":\"2026-04-22T22:14:50+00:00\",\"dateModified\":\"2026-04-29T11:54:22+00:00\",\"breadcrumb\":{\"@id\":\"https:\\\/\\\/hechoenhuelva.soporttec.es\\\/politica-de-privacidad\\\/#breadcrumb\"},\"inLanguage\":\"en-US\",\"potentialAction\":[{\"@type\":\"ReadAction\",\"target\":[\"https:\\\/\\\/hechoenhuelva.soporttec.es\\\/politica-de-privacidad\\\/\"]}]},{\"@type\":\"BreadcrumbList\",\"@id\":\"https:\\\/\\\/hechoenhuelva.soporttec.es\\\/politica-de-privacidad\\\/#breadcrumb\",\"itemListElement\":[{\"@type\":\"ListItem\",\"position\":1,\"name\":\"Portada\",\"item\":\"https:\\\/\\\/hechoenhuelva.com\\\/\"},{\"@type\":\"ListItem\",\"position\":2,\"name\":\"Pol\u00edtica de Privacidad\"}]},{\"@type\":\"WebSite\",\"@id\":\"https:\\\/\\\/hechoenhuelva.com\\\/#website\",\"url\":\"https:\\\/\\\/hechoenhuelva.com\\\/\",\"name\":\"Hecho en Huelva\",\"description\":\"Tienda gourmet online de jamones, embutidos ib\u00e9ricos y productos tradicionales de Huelva\",\"publisher\":{\"@id\":\"https:\\\/\\\/hechoenhuelva.com\\\/#organization\"},\"alternateName\":\"Hecho en Huelva\",\"potentialAction\":[{\"@type\":\"SearchAction\",\"target\":{\"@type\":\"EntryPoint\",\"urlTemplate\":\"https:\\\/\\\/hechoenhuelva.com\\\/?s={search_term_string}\"},\"query-input\":{\"@type\":\"PropertyValueSpecification\",\"valueRequired\":true,\"valueName\":\"search_term_string\"}}],\"inLanguage\":\"en-US\"},{\"@type\":\"Organization\",\"@id\":\"https:\\\/\\\/hechoenhuelva.com\\\/#organization\",\"name\":\"Hecho en Huelva\",\"url\":\"https:\\\/\\\/hechoenhuelva.com\\\/\",\"logo\":{\"@type\":\"ImageObject\",\"inLanguage\":\"en-US\",\"@id\":\"https:\\\/\\\/hechoenhuelva.com\\\/#\\\/schema\\\/logo\\\/image\\\/\",\"url\":\"https:\\\/\\\/hechoenhuelva.soporttec.es\\\/wp-content\\\/uploads\\\/2019\\\/04\\\/hecho-en-huelva-logo-horizontal.png\",\"contentUrl\":\"https:\\\/\\\/hechoenhuelva.soporttec.es\\\/wp-content\\\/uploads\\\/2019\\\/04\\\/hecho-en-huelva-logo-horizontal.png\",\"width\":1570,\"height\":917,\"caption\":\"Hecho en Huelva\"},\"image\":{\"@id\":\"https:\\\/\\\/hechoenhuelva.com\\\/#\\\/schema\\\/logo\\\/image\\\/\"}}]}<\/script>\n<!-- \/ Yoast SEO plugin. -->","yoast_head_json":{"title":"Pol\u00edtica de Privacidad - Hecho en Huelva","robots":{"index":"index","follow":"follow","max-snippet":"max-snippet:-1","max-image-preview":"max-image-preview:large","max-video-preview":"max-video-preview:-1"},"canonical":"https:\/\/hechoenhuelva.soporttec.es\/politica-de-privacidad\/","og_locale":"en_US","og_type":"article","og_title":"Pol\u00edtica de Privacidad - Hecho en Huelva","og_description":"Pol\u00edtica de Privacidad A LONCHEADOS G\u00d3MEZ &amp; MAC\u00cdAS, S.L.U. le preocupa su privacidad. Por ello, hemos tomado medidas t\u00e9cnicas y organizativas adecuadas para evitar la alteraci\u00f3n, p\u00e9rdida, tratamiento o acceso no autorizado a los datos personales que Vd. nos ha facilitado. En cumplimiento del deber de transparencia e informaci\u00f3n recogido en la normativa en materia [&hellip;]","og_url":"https:\/\/hechoenhuelva.soporttec.es\/politica-de-privacidad\/","og_site_name":"Hecho en Huelva","article_modified_time":"2026-04-29T11:54:22+00:00","og_image":[{"width":1570,"height":917,"url":"https:\/\/hechoenhuelva.com\/wp-content\/uploads\/2019\/04\/hecho-en-huelva-logo-horizontal.png","type":"image\/png"}],"twitter_card":"summary_large_image","twitter_misc":{"Est. reading time":"3 minutes"},"schema":{"@context":"https:\/\/schema.org","@graph":[{"@type":"WebPage","@id":"https:\/\/hechoenhuelva.soporttec.es\/politica-de-privacidad\/","url":"https:\/\/hechoenhuelva.soporttec.es\/politica-de-privacidad\/","name":"Pol\u00edtica de Privacidad - Hecho en Huelva","isPartOf":{"@id":"https:\/\/hechoenhuelva.com\/#website"},"datePublished":"2026-04-22T22:14:50+00:00","dateModified":"2026-04-29T11:54:22+00:00","breadcrumb":{"@id":"https:\/\/hechoenhuelva.soporttec.es\/politica-de-privacidad\/#breadcrumb"},"inLanguage":"en-US","potentialAction":[{"@type":"ReadAction","target":["https:\/\/hechoenhuelva.soporttec.es\/politica-de-privacidad\/"]}]},{"@type":"BreadcrumbList","@id":"https:\/\/hechoenhuelva.soporttec.es\/politica-de-privacidad\/#breadcrumb","itemListElement":[{"@type":"ListItem","position":1,"name":"Portada","item":"https:\/\/hechoenhuelva.com\/"},{"@type":"ListItem","position":2,"name":"Pol\u00edtica de Privacidad"}]},{"@type":"WebSite","@id":"https:\/\/hechoenhuelva.com\/#website","url":"https:\/\/hechoenhuelva.com\/","name":"Hecho en Huelva","description":"Tienda gourmet online de jamones, embutidos ib\u00e9ricos y productos tradicionales de Huelva","publisher":{"@id":"https:\/\/hechoenhuelva.com\/#organization"},"alternateName":"Hecho en Huelva","potentialAction":[{"@type":"SearchAction","target":{"@type":"EntryPoint","urlTemplate":"https:\/\/hechoenhuelva.com\/?s={search_term_string}"},"query-input":{"@type":"PropertyValueSpecification","valueRequired":true,"valueName":"search_term_string"}}],"inLanguage":"en-US"},{"@type":"Organization","@id":"https:\/\/hechoenhuelva.com\/#organization","name":"Hecho en Huelva","url":"https:\/\/hechoenhuelva.com\/","logo":{"@type":"ImageObject","inLanguage":"en-US","@id":"https:\/\/hechoenhuelva.com\/#\/schema\/logo\/image\/","url":"https:\/\/hechoenhuelva.soporttec.es\/wp-content\/uploads\/2019\/04\/hecho-en-huelva-logo-horizontal.png","contentUrl":"https:\/\/hechoenhuelva.soporttec.es\/wp-content\/uploads\/2019\/04\/hecho-en-huelva-logo-horizontal.png","width":1570,"height":917,"caption":"Hecho en Huelva"},"image":{"@id":"https:\/\/hechoenhuelva.com\/#\/schema\/logo\/image\/"}}]}},"_links":{"self":[{"href":"https:\/\/hechoenhuelva.com\/en\/wp-json\/wp\/v2\/pages\/1676","targetHints":{"allow":["GET"]}}],"collection":[{"href":"https:\/\/hechoenhuelva.com\/en\/wp-json\/wp\/v2\/pages"}],"about":[{"href":"https:\/\/hechoenhuelva.com\/en\/wp-json\/wp\/v2\/types\/page"}],"author":[{"embeddable":true,"href":"https:\/\/hechoenhuelva.com\/en\/wp-json\/wp\/v2\/users\/1"}],"replies":[{"embeddable":true,"href":"https:\/\/hechoenhuelva.com\/en\/wp-json\/wp\/v2\/comments?post=1676"}],"version-history":[{"count":16,"href":"https:\/\/hechoenhuelva.com\/en\/wp-json\/wp\/v2\/pages\/1676\/revisions"}],"predecessor-version":[{"id":1930,"href":"https:\/\/hechoenhuelva.com\/en\/wp-json\/wp\/v2\/pages\/1676\/revisions\/1930"}],"wp:attachment":[{"href":"https:\/\/hechoenhuelva.com\/en\/wp-json\/wp\/v2\/media?parent=1676"}],"curies":[{"name":"wp","href":"https:\/\/api.w.org\/{rel}","templated":true}]}}